{"id":172,"date":"2026-03-23T15:56:20","date_gmt":"2026-03-23T15:56:20","guid":{"rendered":"http:\/\/www.laganne.fr\/?page_id=172"},"modified":"2026-03-23T16:04:37","modified_gmt":"2026-03-23T16:04:37","slug":"home-2","status":"publish","type":"page","link":"http:\/\/www.laganne.fr\/","title":{"rendered":"Home"},"content":{"rendered":"<div class=\"et_pb_section_0 et_pb_section et_section_regular et_flex_section\">\n<div class=\"et_pb_row_0 et_pb_row et_flex_row\">\n<div class=\"et_pb_column_0 et_pb_column et-last-child et_flex_column et_pb_css_mix_blend_mode_passthrough et_flex_column_24_24 et_flex_column_24_24_tablet et_flex_column_24_24_phone\">\n<div class=\"et_pb_slider_0 et_pb_slider et_pb_slider_fullwidth_off et_pb_module et_flex_module preset--module--divi-slider--default\"><div class=\"et_pb_slides\">\n<div class=\"et_pb_slide_0 et_pb_slide et_pb_media_alignment_center et_pb_bg_layout_dark et_pb_module et_flex_module\" data-slide-id=\"divi\/slide-0\"><div class=\"et_pb_container\"><div class=\"et_pb_slider_container_inner\"><div class=\"et_pb_slide_description et_flex_module\"><h2 class=\"et_pb_slide_title\">Votre titre ici<\/h2><div class=\"et_pb_slide_content\"><p>Votre contenu s'affiche ici. Modifiez ou supprimez ce texte directement ou dans les param\u00e8tres de contenu du module. Vous pouvez \u00e9galement personnaliser chaque aspect de ce contenu dans les param\u00e8tres de conception du module et m\u00eame appliquer CSS personnalis\u00e9 \u00e0 ce texte dans les param\u00e8tres avanc\u00e9s du module.<\/p>\n<\/div><div class=\"et_pb_button_wrapper\"><a class=\"et_pb_button et_pb_more_button\" href=\"#\">Cliquez ici<\/a><\/div><\/div><\/div><\/div><\/div>\n\n<div class=\"et_pb_slide_1 et_pb_slide et_pb_media_alignment_center et_pb_bg_layout_dark et_pb_module et_flex_module\" data-slide-id=\"divi\/slide-1\"><div class=\"et_pb_container\"><div class=\"et_pb_slider_container_inner\"><div class=\"et_pb_slide_description et_flex_module\"><h2 class=\"et_pb_slide_title\">Votre titre ici<\/h2><div class=\"et_pb_slide_content\"><p>Votre contenu s'affiche ici. Modifiez ou supprimez ce texte directement ou dans les param\u00e8tres de contenu du module. Vous pouvez \u00e9galement personnaliser chaque aspect de ce contenu dans les param\u00e8tres de conception du module et m\u00eame appliquer CSS personnalis\u00e9 \u00e0 ce texte dans les param\u00e8tres avanc\u00e9s du module.<\/p>\n<\/div><div class=\"et_pb_button_wrapper\"><a class=\"et_pb_button et_pb_more_button\" href=\"#\">Cliquez ici<\/a><\/div><\/div><\/div><\/div><\/div>\n\n<div class=\"et_pb_slide_2 et_pb_slide et_pb_media_alignment_center et_pb_bg_layout_dark et_pb_module et_flex_module\" data-slide-id=\"divi\/slide-2\"><div class=\"et_pb_container\"><div class=\"et_pb_slider_container_inner\"><div class=\"et_pb_slide_description et_flex_module\"><h2 class=\"et_pb_slide_title\">Votre titre ici<\/h2><div class=\"et_pb_slide_content\"><p>Votre contenu s'affiche ici. Modifiez ou supprimez ce texte directement ou dans les param\u00e8tres de contenu du module. Vous pouvez \u00e9galement personnaliser chaque aspect de ce contenu dans les param\u00e8tres de conception du module et m\u00eame appliquer CSS personnalis\u00e9 \u00e0 ce texte dans les param\u00e8tres avanc\u00e9s du module.<\/p>\n<\/div><div class=\"et_pb_button_wrapper\"><a class=\"et_pb_button et_pb_more_button\" href=\"#\">Cliquez ici<\/a><\/div><\/div><\/div><\/div><\/div>\n\n<div class=\"et_pb_slide_3 et_pb_slide et_pb_media_alignment_center et_pb_bg_layout_dark et_pb_module et_flex_module\" data-slide-id=\"divi\/slide-3\"><div class=\"et_pb_container\"><div class=\"et_pb_slider_container_inner\"><div class=\"et_pb_slide_description et_flex_module\"><h2 class=\"et_pb_slide_title\">Votre titre ici<\/h2><div class=\"et_pb_slide_content\"><p>Votre contenu s'affiche ici. Modifiez ou supprimez ce texte directement ou dans les param\u00e8tres de contenu du module. Vous pouvez \u00e9galement personnaliser chaque aspect de ce contenu dans les param\u00e8tres de conception du module et m\u00eame appliquer CSS personnalis\u00e9 \u00e0 ce texte dans les param\u00e8tres avanc\u00e9s du module.<\/p>\n<\/div><div class=\"et_pb_button_wrapper\"><a class=\"et_pb_button et_pb_more_button\" href=\"#\">Cliquez ici<\/a><\/div><\/div><\/div><\/div><\/div>\n\n<div class=\"et_pb_slide_4 et_pb_slide et_pb_media_alignment_center et_pb_bg_layout_dark et_pb_module et_flex_module\" data-slide-id=\"divi\/slide-4\"><div class=\"et_pb_container\"><div class=\"et_pb_slider_container_inner\"><div class=\"et_pb_slide_description et_flex_module\"><h2 class=\"et_pb_slide_title\">Votre titre ici<\/h2><div class=\"et_pb_slide_content\"><p>Votre contenu s'affiche ici. Modifiez ou supprimez ce texte directement ou dans les param\u00e8tres de contenu du module. Vous pouvez \u00e9galement personnaliser chaque aspect de ce contenu dans les param\u00e8tres de conception du module et m\u00eame appliquer CSS personnalis\u00e9 \u00e0 ce texte dans les param\u00e8tres avanc\u00e9s du module.<\/p>\n<\/div><div class=\"et_pb_button_wrapper\"><a class=\"et_pb_button et_pb_more_button\" href=\"#\">Cliquez ici<\/a><\/div><\/div><\/div><\/div><\/div>\n\n<div class=\"et_pb_slide_5 et_pb_slide et_pb_media_alignment_center et_pb_bg_layout_dark et_pb_module et_flex_module\" data-slide-id=\"divi\/slide-5\"><div class=\"et_pb_container\"><div class=\"et_pb_slider_container_inner\"><div class=\"et_pb_slide_description et_flex_module\"><h2 class=\"et_pb_slide_title\">Votre titre ici<\/h2><div class=\"et_pb_slide_content\"><p>Votre contenu s'affiche ici. Modifiez ou supprimez ce texte directement ou dans les param\u00e8tres de contenu du module. Vous pouvez \u00e9galement personnaliser chaque aspect de ce contenu dans les param\u00e8tres de conception du module et m\u00eame appliquer CSS personnalis\u00e9 \u00e0 ce texte dans les param\u00e8tres avanc\u00e9s du module.<\/p>\n<\/div><div class=\"et_pb_button_wrapper\"><a class=\"et_pb_button et_pb_more_button\" href=\"#\">Cliquez ici<\/a><\/div><\/div><\/div><\/div><\/div>\n<\/div><\/div>\n<\/div>\n<\/div>\n<\/div>","protected":false},"excerpt":{"rendered":"","protected":false},"author":1,"featured_media":0,"parent":0,"menu_order":0,"comment_status":"closed","ping_status":"closed","template":"","meta":{"footnotes":""},"class_list":["post-172","page","type-page","status-publish","hentry"],"_links":{"self":[{"href":"http:\/\/www.laganne.fr\/index.php\/wp-json\/wp\/v2\/pages\/172","targetHints":{"allow":["GET"]}}],"collection":[{"href":"http:\/\/www.laganne.fr\/index.php\/wp-json\/wp\/v2\/pages"}],"about":[{"href":"http:\/\/www.laganne.fr\/index.php\/wp-json\/wp\/v2\/types\/page"}],"author":[{"embeddable":true,"href":"http:\/\/www.laganne.fr\/index.php\/wp-json\/wp\/v2\/users\/1"}],"replies":[{"embeddable":true,"href":"http:\/\/www.laganne.fr\/index.php\/wp-json\/wp\/v2\/comments?post=172"}],"version-history":[{"count":6,"href":"http:\/\/www.laganne.fr\/index.php\/wp-json\/wp\/v2\/pages\/172\/revisions"}],"predecessor-version":[{"id":204,"href":"http:\/\/www.laganne.fr\/index.php\/wp-json\/wp\/v2\/pages\/172\/revisions\/204"}],"wp:attachment":[{"href":"http:\/\/www.laganne.fr\/index.php\/wp-json\/wp\/v2\/media?parent=172"}],"curies":[{"name":"wp","href":"https:\/\/api.w.org\/{rel}","templated":true}]}}